{"id":348,"date":"2024-09-30T19:48:01","date_gmt":"2024-09-30T19:48:01","guid":{"rendered":"https:\/\/www.zeynepkilisli.com\/?page_id=348"},"modified":"2024-10-07T22:11:08","modified_gmt":"2024-10-07T22:11:08","slug":"klinik-psikolog-zeynep-gulten-kilisli-hakkinda","status":"publish","type":"page","link":"https:\/\/www.zeynepkilisli.com\/index.php\/klinik-psikolog-zeynep-gulten-kilisli-hakkinda\/","title":{"rendered":"Klinik Psikolog Zeynep G\u00fclten Kilisli &#8211; Hakk\u0131nda"},"content":{"rendered":"\t\t<div data-elementor-type=\"wp-page\" data-elementor-id=\"348\" class=\"elementor elementor-348\">\n\t\t\t\t\t\t<section class=\"elementor-section elementor-top-section elementor-element elementor-element-1aa9ca6e elementor-section-boxed elementor-section-height-default elementor-section-height-default\" data-id=\"1aa9ca6e\" data-element_type=\"section\" data-e-type=\"section\" data-settings=\"{&quot;background_background&quot;:&quot;classic&quot;}\">\n\t\t\t\t\t\t<div class=\"elementor-container elementor-column-gap-default\">\n\t\t\t\t\t<div class=\"elementor-column elementor-col-100 elementor-top-column elementor-element elementor-element-4dfc7d0\" data-id=\"4dfc7d0\" data-element_type=\"column\" data-e-type=\"column\">\n\t\t\t<div class=\"elementor-widget-wrap elementor-element-populated\">\n\t\t\t\t\t\t<div class=\"elementor-element elementor-element-2398df7 elementor-widget elementor-widget-text-editor\" data-id=\"2398df7\" data-element_type=\"widget\" data-e-type=\"widget\" data-widget_type=\"text-editor.default\">\n\t\t\t\t<div class=\"elementor-widget-container\">\n\t\t\t\t\t\t\t\t\t<p><img fetchpriority=\"high\" decoding=\"async\" class=\"wp-image-352 size-medium alignright\" src=\"https:\/\/www.zeynepkilisli.com\/wp-content\/uploads\/2024\/09\/gultenkilisli-245x300.png\" alt=\"\" width=\"245\" height=\"300\" srcset=\"https:\/\/www.zeynepkilisli.com\/wp-content\/uploads\/2024\/09\/gultenkilisli-245x300.png 245w, https:\/\/www.zeynepkilisli.com\/wp-content\/uploads\/2024\/09\/gultenkilisli.png 500w\" sizes=\"(max-width: 245px) 100vw, 245px\" \/>Ben Zeynep G\u00fclten Kilisli, Orta Do\u011fu Teknik \u00dcniversitesi (ODT\u00dc) Psikoloji B\u00f6l\u00fcm\u00fc mezunuyum ve e\u011fitim s\u00fcrecimde bir d\u00f6nem onur \u00f6\u011frencisi olma ayr\u0131cal\u0131\u011f\u0131n\u0131 ya\u015fad\u0131m. Farkl\u0131 k\u00fclt\u00fcrleri daha derinlemesine anlamak ve akademik bilgi birikimimi geni\u015fletmek amac\u0131yla \u0130talya Bergamo \u00dcniversitesi&#8217;nde (Unibg) Birey, Aile ve Kurumlar i\u00e7in Klinik Psikoloji alan\u0131nda y\u00fcksek lisans e\u011fitimimi tamamlad\u0131m. Mesleki kariyerim boyunca, do\u011fa ve insan aras\u0131ndaki dengeye olan inanc\u0131m ile beden, zihin ve beynin b\u00fct\u00fcnc\u00fcl yap\u0131s\u0131n\u0131n \u00f6nemini esas alan bir yakla\u015f\u0131m\u0131 benimsedim; bu felsefeyi hem ki\u015fisel ya\u015fam tarz\u0131m\u0131n hem de terap\u00f6tik \u00e7al\u0131\u015fmalar\u0131m\u0131n temel ilkesi olarak yap\u0131land\u0131rd\u0131m.<\/p>\n<p>6 \u015eubat depremiyle birlikte, memleketim Antakya&#8217;da bir y\u0131l boyunca Travma ve Afet Ruh Sa\u011fl\u0131\u011f\u0131 \u00c7al\u0131\u015fmalar\u0131 Derne\u011fi ve UNICEF i\u015f birli\u011fiyle ortalama 820 bireye psikososyal destek ve psikoterapi hizmeti sa\u011flad\u0131m. Bu s\u00fcre\u00e7te, travma, kay\u0131p ve yas \u00fczerine derinlemesine \u00e7al\u0131\u015fmalar yaparak, bireylerin zorlu ya\u015fam deneyimlerini anlamland\u0131rmalar\u0131na ve iyile\u015fme s\u00fcre\u00e7lerini desteklemelerine yard\u0131mc\u0131 oldum.<\/p>\n<p>Y\u00fcksek lisans ara\u015ft\u0131rmamda, 6 \u015eubat depreminde hayatta kalan bireylerin travma sonras\u0131 stres bozuklu\u011fu (TSSB) ve kompleks TSSB s\u00fcre\u00e7lerini inceledim ve kolektif iyile\u015fmenin d\u00f6n\u00fc\u015ft\u00fcr\u00fcc\u00fc etkisini derinlemesine ara\u015ft\u0131rd\u0131m. Bu \u00e7al\u0131\u015fmalar, insan zihninin ve bedeninin ne denli g\u00fc\u00e7l\u00fc ve esnek oldu\u011funu ke\u015ffetmemi sa\u011flad\u0131. Dan\u0131\u015fanlar\u0131ma, bu g\u00fc\u00e7 ve esnekli\u011fi ke\u015ffetmeleri i\u00e7in g\u00fcvenli bir alan sunmay\u0131 ve iyile\u015fme yolculuklar\u0131nda onlara rehberlik etmeyi ama\u00e7l\u0131yorum. <\/p>\n<p>Her bireyin ya\u015fam deneyimi kendine \u00f6zg\u00fcd\u00fcr; bu nedenle, terapi s\u00fcrecinin de ki\u015fiye \u00f6zel olmas\u0131 gerekti\u011fine inan\u0131yorum. Dan\u0131\u015fanlar\u0131m\u0131n bireysel ihtiya\u00e7lar\u0131n\u0131 ve hedeflerini dikkate alarak, duygusal, zihinsel ve bedensel fark\u0131ndal\u0131klar\u0131n\u0131 derinle\u015ftirmelerine, kendi diren\u00e7lerini ve kaynaklar\u0131n\u0131 geli\u015ftirmelerine yard\u0131mc\u0131 oluyorum. Her terapi seans\u0131n\u0131, dan\u0131\u015fanlar\u0131m\u0131n ya\u015fam \u00f6yk\u00fclerine ve gereksinimlerine g\u00f6re \u015fekillendiriyorum ve bu ki\u015fisel yakla\u015f\u0131m\u0131n iyile\u015fme ve geli\u015fim s\u00fcrecinde \u00f6nemli bir rol oynad\u0131\u011f\u0131na inan\u0131yorum.<\/p>\t\t\t\t\t\t\t\t<\/div>\n\t\t\t\t<\/div>\n\t\t\t\t\t<\/div>\n\t\t<\/div>\n\t\t\t\t\t<\/div>\n\t\t<\/section>\n\t\t\t\t<\/div>\n\t\t","protected":false},"excerpt":{"rendered":"<p>Ben Zeynep G\u00fclten Kilisli, Orta Do\u011fu Teknik \u00dcniversitesi (ODT\u00dc) Psikoloji B\u00f6l\u00fcm\u00fc mezunuyum ve e\u011fitim s\u00fcrecimde bir d\u00f6nem onur \u00f6\u011frencisi olma ayr\u0131cal\u0131\u011f\u0131n\u0131 ya\u015fad\u0131m. Farkl\u0131 k\u00fclt\u00fcrleri daha derinlemesine anlamak ve akademik bilgi birikimimi geni\u015fletmek amac\u0131yla \u0130talya Bergamo \u00dcniversitesi&#8217;nde (Unibg) Birey, Aile ve Kurumlar i\u00e7in Klinik Psikoloji alan\u0131nda y\u00fcksek lisans e\u011fitimimi tamamlad\u0131m. Mesleki kariyerim boyunca, do\u011fa ve insan [&hellip;]<\/p>\n","protected":false},"author":1,"featured_media":0,"parent":0,"menu_order":0,"comment_status":"closed","ping_status":"closed","template":"","meta":{"footnotes":""},"class_list":["post-348","page","type-page","status-publish","hentry"],"aioseo_notices":[],"_links":{"self":[{"href":"https:\/\/www.zeynepkilisli.com\/index.php\/wp-json\/wp\/v2\/pages\/348"}],"collection":[{"href":"https:\/\/www.zeynepkilisli.com\/index.php\/wp-json\/wp\/v2\/pages"}],"about":[{"href":"https:\/\/www.zeynepkilisli.com\/index.php\/wp-json\/wp\/v2\/types\/page"}],"author":[{"embeddable":true,"href":"https:\/\/www.zeynepkilisli.com\/index.php\/wp-json\/wp\/v2\/users\/1"}],"replies":[{"embeddable":true,"href":"https:\/\/www.zeynepkilisli.com\/index.php\/wp-json\/wp\/v2\/comments?post=348"}],"version-history":[{"count":11,"href":"https:\/\/www.zeynepkilisli.com\/index.php\/wp-json\/wp\/v2\/pages\/348\/revisions"}],"predecessor-version":[{"id":497,"href":"https:\/\/www.zeynepkilisli.com\/index.php\/wp-json\/wp\/v2\/pages\/348\/revisions\/497"}],"wp:attachment":[{"href":"https:\/\/www.zeynepkilisli.com\/index.php\/wp-json\/wp\/v2\/media?parent=348"}],"curies":[{"name":"wp","href":"https:\/\/api.w.org\/{rel}","templated":true}]}}