{"id":339,"date":"2024-09-29T23:32:09","date_gmt":"2024-09-29T23:32:09","guid":{"rendered":"https:\/\/www.zeynepkilisli.com\/?page_id=339"},"modified":"2024-10-07T22:46:50","modified_gmt":"2024-10-07T22:46:50","slug":"randevu-al","status":"publish","type":"page","link":"https:\/\/www.zeynepkilisli.com\/index.php\/randevu-al\/","title":{"rendered":"Randevu al"},"content":{"rendered":"\t\t<div data-elementor-type=\"wp-page\" data-elementor-id=\"339\" class=\"elementor elementor-339\">\n\t\t\t\t\t\t<section class=\"elementor-section elementor-top-section elementor-element elementor-element-1afd5eb2 elementor-section-boxed elementor-section-height-default elementor-section-height-default\" data-id=\"1afd5eb2\" data-element_type=\"section\" data-e-type=\"section\" data-settings=\"{&quot;background_background&quot;:&quot;classic&quot;}\">\n\t\t\t\t\t\t<div class=\"elementor-container elementor-column-gap-default\">\n\t\t\t\t\t<div class=\"elementor-column elementor-col-100 elementor-top-column elementor-element elementor-element-5a5878ca\" data-id=\"5a5878ca\" data-element_type=\"column\" data-e-type=\"column\">\n\t\t\t<div class=\"elementor-widget-wrap elementor-element-populated\">\n\t\t\t\t\t\t<div class=\"elementor-element elementor-element-2a22e01 elementor-widget elementor-widget-text-editor\" data-id=\"2a22e01\" data-element_type=\"widget\" data-e-type=\"widget\" data-widget_type=\"text-editor.default\">\n\t\t\t\t<div class=\"elementor-widget-container\">\n\t\t\t\t\t\t\t\t\t<p>Terapi s\u00fcrecinize ba\u015flamak veya daha fazla bilgi almak i\u00e7in bana mail yoluyla ula\u015fabilirsiniz. Mailinizde ad\u0131n\u0131z\u0131, ileti\u015fim bilgilerinizi ve tercih etti\u011finiz randevu zaman\u0131n\u0131 payla\u015farak, 15 dakikal\u0131k \u00fccretsiz \u00f6n g\u00f6r\u00fc\u015fme talebinde bulunabilirsiniz. Bu tan\u0131\u015fma seans\u0131nda, ihtiya\u00e7lar\u0131n\u0131z\u0131 belirleyip size \u00f6zel bir terapi plan\u0131 olu\u015fturuyoruz. Seanslar online olarak sunulmakta olup, rahat bir \u015fekilde bu s\u00fcrece ba\u015flayabilirsiniz.<\/p><p>Email: info@zeynepkilisli.com<\/p><p>\u00a0<\/p><p>\u00a0<\/p><p>\u00a0<\/p><p>\u00a0<\/p><p>\u00a0<\/p>\t\t\t\t\t\t\t\t<\/div>\n\t\t\t\t<\/div>\n\t\t\t\t\t<\/div>\n\t\t<\/div>\n\t\t\t\t\t<\/div>\n\t\t<\/section>\n\t\t\t\t<\/div>\n\t\t","protected":false},"excerpt":{"rendered":"<p>Terapi s\u00fcrecinize ba\u015flamak veya daha fazla bilgi almak i\u00e7in bana mail yoluyla ula\u015fabilirsiniz. Mailinizde ad\u0131n\u0131z\u0131, ileti\u015fim bilgilerinizi ve tercih etti\u011finiz randevu zaman\u0131n\u0131 payla\u015farak, 15 dakikal\u0131k \u00fccretsiz \u00f6n g\u00f6r\u00fc\u015fme talebinde bulunabilirsiniz. Bu tan\u0131\u015fma seans\u0131nda, ihtiya\u00e7lar\u0131n\u0131z\u0131 belirleyip size \u00f6zel bir terapi plan\u0131 olu\u015fturuyoruz. Seanslar online olarak sunulmakta olup, rahat bir \u015fekilde bu s\u00fcrece ba\u015flayabilirsiniz. Email: info@zeynepkilisli.com \u00a0 [&hellip;]<\/p>\n","protected":false},"author":1,"featured_media":0,"parent":0,"menu_order":0,"comment_status":"closed","ping_status":"closed","template":"","meta":{"footnotes":""},"class_list":["post-339","page","type-page","status-publish","hentry"],"aioseo_notices":[],"_links":{"self":[{"href":"https:\/\/www.zeynepkilisli.com\/index.php\/wp-json\/wp\/v2\/pages\/339"}],"collection":[{"href":"https:\/\/www.zeynepkilisli.com\/index.php\/wp-json\/wp\/v2\/pages"}],"about":[{"href":"https:\/\/www.zeynepkilisli.com\/index.php\/wp-json\/wp\/v2\/types\/page"}],"author":[{"embeddable":true,"href":"https:\/\/www.zeynepkilisli.com\/index.php\/wp-json\/wp\/v2\/users\/1"}],"replies":[{"embeddable":true,"href":"https:\/\/www.zeynepkilisli.com\/index.php\/wp-json\/wp\/v2\/comments?post=339"}],"version-history":[{"count":14,"href":"https:\/\/www.zeynepkilisli.com\/index.php\/wp-json\/wp\/v2\/pages\/339\/revisions"}],"predecessor-version":[{"id":511,"href":"https:\/\/www.zeynepkilisli.com\/index.php\/wp-json\/wp\/v2\/pages\/339\/revisions\/511"}],"wp:attachment":[{"href":"https:\/\/www.zeynepkilisli.com\/index.php\/wp-json\/wp\/v2\/media?parent=339"}],"curies":[{"name":"wp","href":"https:\/\/api.w.org\/{rel}","templated":true}]}}